{"id":651,"date":"2023-08-28T15:01:16","date_gmt":"2023-08-28T13:01:16","guid":{"rendered":"https:\/\/www.premier-music.cz\/eshop\/?post_type=product&#038;p=651"},"modified":"2025-11-21T14:20:48","modified_gmt":"2025-11-21T13:20:48","slug":"kompletni-pribeh","status":"publish","type":"product","link":"https:\/\/www.premier-music.cz\/eshop\/produkt\/kompletni-pribeh\/","title":{"rendered":"Kniha &#8211; Kompletn\u00ed p\u0159\u00edb\u011bh"},"content":{"rendered":"","protected":false},"excerpt":{"rendered":"<p>&nbsp;<\/p>\n<p>.. OTEV\u0158ELI JSME ARCHIV! ..<\/p>\n<p>Doposud nepublikovan\u00e9 fotky, \u010dl\u00e1nky, informace.<\/p>\n<p>Autobiografie kapely mapuj\u00edc\u00ed celou historii od roku 1975, vzestupy, p\u00e1dy, nad\u011bje, sny, pl\u00e1ny.<\/p>\n<p>Autorem knihy je Jakub Malovan\u00fd<\/p>\n","protected":false},"featured_media":650,"template":"","meta":[],"product_brand":[],"product_cat":[109],"product_tag":[],"class_list":{"0":"post-651","1":"product","2":"type-product","3":"status-publish","4":"has-post-thumbnail","6":"product_cat-kniha","8":"first","9":"instock","10":"sale","11":"shipping-taxable","12":"purchasable","13":"product-type-simple"},"_links":{"self":[{"href":"https:\/\/www.premier-music.cz\/eshop\/wp-json\/wp\/v2\/product\/651","targetHints":{"allow":["GET"]}}],"collection":[{"href":"https:\/\/www.premier-music.cz\/eshop\/wp-json\/wp\/v2\/product"}],"about":[{"href":"https:\/\/www.premier-music.cz\/eshop\/wp-json\/wp\/v2\/types\/product"}],"wp:featuredmedia":[{"embeddable":true,"href":"https:\/\/www.premier-music.cz\/eshop\/wp-json\/wp\/v2\/media\/650"}],"wp:attachment":[{"href":"https:\/\/www.premier-music.cz\/eshop\/wp-json\/wp\/v2\/media?parent=651"}],"wp:term":[{"taxonomy":"product_brand","embeddable":true,"href":"https:\/\/www.premier-music.cz\/eshop\/wp-json\/wp\/v2\/product_brand?post=651"},{"taxonomy":"product_cat","embeddable":true,"href":"https:\/\/www.premier-music.cz\/eshop\/wp-json\/wp\/v2\/product_cat?post=651"},{"taxonomy":"product_tag","embeddable":true,"href":"https:\/\/www.premier-music.cz\/eshop\/wp-json\/wp\/v2\/product_tag?post=651"}],"curies":[{"name":"wp","href":"https:\/\/api.w.org\/{rel}","templated":true}]}}